{"id":516,"date":"2023-06-30T07:35:00","date_gmt":"2023-06-30T05:35:00","guid":{"rendered":"https:\/\/www.farapi.eus\/?page_id=516"},"modified":"2025-06-02T15:17:43","modified_gmt":"2025-06-02T13:17:43","slug":"contacto","status":"publish","type":"page","link":"https:\/\/www.farapi.eus\/es\/contacto\/","title":{"rendered":"Contacto"},"content":{"rendered":"<section class=\"l-section wpb_row height_small\"><div class=\"l-section-h i-cf\"><div class=\"g-cols vc_row via_flex valign_top type_default stacking_default\"><div class=\"vc_col-sm-12 wpb_column vc_column_container\"><div class=\"vc_column-inner\"><div class=\"wpb_wrapper\"><h1 class=\"w-text us_custom_eb849559\"><span class=\"w-text-h\"><span class=\"w-text-value\">Contacto<\/span><\/span><\/h1><div class=\"wpb_text_column\"><div class=\"wpb_wrapper\"><p>Para ponerte en contacto con nosotras, puedes rellenar el formulario que aparece a continuaci\u00f3n o enviarnos un mensaje por correo electr\u00f3nico:<\/p>\n<p><img loading=\"lazy\" decoding=\"async\" class=\"alignnone wp-image-7817\" src=\"https:\/\/www.farapi.eus\/wp-content\/uploads\/2023\/06\/e-posta-1.png\" alt=\"\" width=\"131\" height=\"20\" srcset=\"https:\/\/www.farapi.eus\/wp-content\/uploads\/2023\/06\/e-posta-1.png 177w, https:\/\/www.farapi.eus\/wp-content\/uploads\/2023\/06\/e-posta-1-50x8.png 50w\" sizes=\"(max-width: 131px) 100vw, 131px\" \/><\/p>\n<p>M\u00e1s abajo encontrar\u00e1s el n\u00famero de tel\u00e9fono y la direcci\u00f3n de nuestra oficina.<\/p>\n<\/div><\/div><div class=\"w-separator size_medium\"><\/div>[vc_raw_html css=\u00bb%7B%22default%22%3A%7B%22font-size%22%3A%220.8rem%22%7D%7D\u00bb el_id=\u00bbformularioa\u00bb]JTVCbmluamFfZm9ybSUyMGlkJTNEJTI3NiUyNyU1RA==[\/vc_raw_html]<div class=\"w-separator size_medium\"><\/div><\/div><\/div><\/div><\/div><\/div><\/section><section class=\"l-section wpb_row us_custom_0a781833 height_medium width_full\"><div class=\"l-section-h i-cf\"><div class=\"g-cols vc_row via_flex valign_top type_default stacking_default\"><div class=\"vc_col-sm-12 wpb_column vc_column_container\"><div class=\"vc_column-inner\"><div class=\"wpb_wrapper\"><\/div><\/div><\/div><\/div><\/div><\/section><section class=\"l-section wpb_row us_custom_0893e849 height_small color_alternate\"><div class=\"l-section-h i-cf\"><div class=\"g-cols vc_row via_flex valign_top type_default stacking_default\"><div class=\"vc_col-sm-3 wpb_column vc_column_container\"><div class=\"vc_column-inner us_custom_b6a72ce1\"><div class=\"wpb_wrapper\"><div class=\"wpb_text_column us_custom_8af7fc7a has_text_color\"><div class=\"wpb_wrapper\"><p>Calle Mundaiz 10, oficina 23<br \/>\n20012\u00a0Donostia-San Sebasti\u00e1n\u00a0(Gipuzkoa)<br \/>\n<a href=\"tel:943003585\">943 00 35 85<\/a><\/p>\n<\/div><\/div><\/div><\/div><\/div><div class=\"vc_col-sm-9 wpb_column vc_column_container\"><div class=\"vc_column-inner us_custom_b6a72ce1\"><div class=\"wpb_wrapper\"><div class=\"w-map provider_osm us_custom_dff4ef80\" id=\"us_map_1\"><div class=\"w-map-inner\"><div class=\"w-map-json\" onclick='return {&quot;address&quot;:&quot;43.315570882069636, -1.9760265326438922&quot;,&quot;disableDragging&quot;:0,&quot;disableZoom&quot;:0,&quot;hideControls&quot;:0,&quot;zoom&quot;:14,&quot;markers&quot;:[{&quot;address&quot;:&quot;43.315570882069636, -1.9760265326438922&quot;,&quot;html&quot;:&quot;&lt;h6&gt;Farapi Koop. Elkartea&lt;\\\/p&gt;\\n&quot;,&quot;infowindow&quot;:0}],&quot;style&quot;:&quot;https:\\\/\\\/{s}.tile.openstreetmap.org\\\/{z}\\\/{x}\\\/{y}.png&quot;}'><\/div><\/div><\/div><\/div><\/div><\/div><\/div><\/div><\/section>\n","protected":false},"excerpt":{"rendered":"ContactoPara ponerte en contacto con nosotras, puedes rellenar el formulario que aparece a continuaci\u00f3n o enviarnos un mensaje por correo electr\u00f3nico: M\u00e1s abajo encontrar\u00e1s el n\u00famero de tel\u00e9fono y la direcci\u00f3n de nuestra oficina. [vc_raw_html css=\"%7B%22default%22%3A%7B%22font-size%22%3A%220.8rem%22%7D%7D\" el_id=\"formularioa\"]JTVCbmluamFfZm9ybSUyMGlkJTNEJTI3NiUyNyU1RA==[\/vc_raw_html]Calle Mundaiz 10, oficina 23 20012\u00a0Donostia-San Sebasti\u00e1n\u00a0(Gipuzkoa) 943 00 35 85","protected":false},"author":1,"featured_media":0,"parent":0,"menu_order":0,"comment_status":"closed","ping_status":"closed","template":"","meta":{"footnotes":""},"acf":[],"_links":{"self":[{"href":"https:\/\/www.farapi.eus\/es\/wp-json\/wp\/v2\/pages\/516"}],"collection":[{"href":"https:\/\/www.farapi.eus\/es\/wp-json\/wp\/v2\/pages"}],"about":[{"href":"https:\/\/www.farapi.eus\/es\/wp-json\/wp\/v2\/types\/page"}],"author":[{"embeddable":true,"href":"https:\/\/www.farapi.eus\/es\/wp-json\/wp\/v2\/users\/1"}],"replies":[{"embeddable":true,"href":"https:\/\/www.farapi.eus\/es\/wp-json\/wp\/v2\/comments?post=516"}],"version-history":[{"count":15,"href":"https:\/\/www.farapi.eus\/es\/wp-json\/wp\/v2\/pages\/516\/revisions"}],"predecessor-version":[{"id":7826,"href":"https:\/\/www.farapi.eus\/es\/wp-json\/wp\/v2\/pages\/516\/revisions\/7826"}],"wp:attachment":[{"href":"https:\/\/www.farapi.eus\/es\/wp-json\/wp\/v2\/media?parent=516"}],"curies":[{"name":"wp","href":"https:\/\/api.w.org\/{rel}","templated":true}]}}