{"id":620,"date":"2023-09-06T12:45:35","date_gmt":"2023-09-06T10:45:35","guid":{"rendered":"https:\/\/www.farapi.eus\/?page_id=620"},"modified":"2026-01-22T12:32:28","modified_gmt":"2026-01-22T11:32:28","slug":"aviso-legal","status":"publish","type":"page","link":"https:\/\/www.farapi.eus\/es\/aviso-legal\/","title":{"rendered":"Aviso legal"},"content":{"rendered":"<section class=\"l-section wpb_row height_medium\"><div class=\"l-section-h i-cf\"><div class=\"g-cols vc_row via_flex valign_top type_default stacking_default\"><div class=\"vc_col-sm-12 wpb_column vc_column_container\"><div class=\"vc_column-inner\"><div class=\"wpb_wrapper\"><div class=\"wpb_text_column\"><div class=\"wpb_wrapper\"><div class=\"h2-barruan\">\n<h1>AVISO LEGAL<\/h1>\n<p><strong>Informaci\u00f3n legal<\/strong><\/p>\n<p>En cumplimiento de la Ley 34\/2002, de 11 de julio, de Servicios de la Sociedad de la Informaci\u00f3n y de Comercio Electr\u00f3nico, le informamos que el dominio de internet www.farapi.eus es titularidad de:<\/p>\n<ul>\n<li>Raz\u00f3n social: Farapi Koop. Elkartea<\/li>\n<li>C.I.F.: F20856092<\/li>\n<li>Direcci\u00f3n: Mundaiz bidea 10, 23. Bulegoa. 20012 Donostia-San Sebastian (Gipuzkoa)<\/li>\n<li>Tel\u00e9fono: 943 003 585<\/li>\n<li>Email: idazkaritza@farapi.eus<\/li>\n<\/ul>\n<ol>\n<li><strong> Condiciones generales<\/strong><\/li>\n<\/ol>\n<p><a href=\"https:\/\/www.farapi.eus\/es\/\">www.farapi.eus<\/a> es un sitio web titularidad de Farapi Koop. Elkartea. La persona usuaria accede a este sitio web de forma voluntaria. El acceso a este sitio web tiene car\u00e1cter gratuito. La navegaci\u00f3n en este sitio web implica aceptar y conocer las advertencias legales, condiciones y t\u00e9rminos de uso y pol\u00edtica de privacidad contenidos en \u00e9l. Si la persona usuaria no est\u00e1 de acuerdo con estas condiciones de uso y no presta su consentimiento, no podr\u00e1 hacer uso de este sitio web.<\/p>\n<p>El acceso a este sitio web, as\u00ed como el uso que pueda hacerse de la informaci\u00f3n que contiene, son de la exclusiva responsabilidad de la persona usuaria. La persona usuaria se compromete a hacer uso del mismo de acuerdo a la finalidad del sitio web.<\/p>\n<p>La persona usuaria no puede hacer un uso il\u00edcito de la informaci\u00f3n contenida en esta web, ni llevar a cabo acciones que puedan da\u00f1ar o alterar los sistemas inform\u00e1ticos de esta web.<\/p>\n<p>Queda prohibida la inclusi\u00f3n y comunicaci\u00f3n de contenidos, por parte de las personas usuarias, que sean falsos o inexactos y que induzcan o puedan inducir a error a Farapi Koop. Elkartea o a otras personas usuarias o terceros. La persona usuaria ser\u00e1 la \u00fanica responsable de los perjuicios que cause mediante la comunicaci\u00f3n de dichos datos.<\/p>\n<p>Queda prohibido el uso de datos personales de terceros sin su consentimiento, as\u00ed como el uso de datos identificativos de terceros con el \u00e1nimo de hacerse pasar por o fingir ser cualquier otra persona o entidad.<\/p>\n<p>Farapi Koop. Elkartea realiza los m\u00e1ximos esfuerzos para evitar errores en los contenidos que se publican en el sitio web, reserv\u00e1ndose la facultad de poder modificarlos en cualquier momento. Farapi Koop. Elkartea declina expresamente cualquier responsabilidad por error u omisi\u00f3n en los contenidos de este sitio web y de los da\u00f1os y perjuicios que puedan deberse a la falta de veracidad, exactitud y actualidad de los mismos.<\/p>\n<p><a href=\"https:\/\/www.farapi.eus\/es\/\">www.farapi.eus<\/a> puede ofrecer enlaces a otros sitios web o facilitar su acceso mediante un buscador ubicado en su sitio web. Farapi Koop. Elkartea no asume ninguna responsabilidad en relaci\u00f3n con estos sitios enlazados, ni los resultados de las b\u00fasquedas, ya que no tiene ning\u00fan tipo de control sobre ellos, su contenido, productos y servicios ofrecidos, etc. La finalidad de estos servicios es informar a la persona usuaria de otras fuentes de informaci\u00f3n, por lo que la persona usuaria accede bajo su exclusiva responsabilidad al contenido y en las condiciones de uso que rijan en los mismos.<\/p>\n<p>Farapi Koop. Elkartea no se responsabilizar\u00e1 de ninguna consecuencia, da\u00f1o o perjuicio que pudieran derivarse del uso de este sitio web o de sus contenidos, incluidos da\u00f1os inform\u00e1ticos y la introducci\u00f3n de virus. Farapi Koop. Elkartea no garantiza la ausencia de virus ni de otros elementos en el sitio web, introducidos por terceros ajenos, que puedan producir alteraciones en los sistemas f\u00edsicos o l\u00f3gicos de las personas usuarias, pero utiliza todos los medios a su alcance para que esto no suceda.<\/p>\n<p>Farapi Koop. Elkartea se reserva el derecho de modificar o borrar en cualquier momento, sin previo aviso y\/o justificaci\u00f3n, el dise\u00f1o, la configuraci\u00f3n y la informaci\u00f3n contenida en este sitio web, si as\u00ed lo estima oportuno. Farapi Koop. Elkartea no se hace responsable de los perjuicios que estas modificaciones puedan causar. No obstante, utilizar\u00e1 todos los recursos que tenga a su alcance para informar a las personas usuarias de dichas modificaciones.<\/p>\n<ol start=\"2\">\n<li><strong> Propiedad intelectual e industrial<\/strong><\/li>\n<\/ol>\n<p>Los derechos de propiedad de este sitio web, de sus p\u00e1ginas, pantallas, la informaci\u00f3n que contienen, su apariencia y dise\u00f1o, sus productos y servicios, marcas, logos, lemas, etc. son propiedad de Farapi Koop. Elkartea, salvo que se especifique otra cosa.<\/p>\n<p>En ning\u00fan caso el acceso o navegaci\u00f3n en <a href=\"https:\/\/www.farapi.eus\/es\/\">www.farapi.eus<\/a> implica renuncia, transmisi\u00f3n o licencia total o parcial de Farapi Koop. Elkartea para uso personal a la persona usuaria sobre sus derechos de propiedad intelectual e industrial.<\/p>\n<p>La reproducci\u00f3n, distribuci\u00f3n, comercializaci\u00f3n o transformaci\u00f3n no autorizadas de estas obras constituye una infracci\u00f3n de los derechos de propiedad intelectual de Farapi Koop. Elkartea.<\/p>\n<p>La persona usuaria se compromete a no realizar ninguna acci\u00f3n que perjudique la titularidad de este sitio. La utilizaci\u00f3n no autorizada de la informaci\u00f3n contenida en este sitio web, as\u00ed como los perjuicios ocasionados en los derechos de propiedad intelectual e industrial de sus titulares, pueden dar lugar al ejercicio de las acciones que legalmente correspondan y, si procede, a las responsabilidades que de dicho ejercicio se deriven.<\/p>\n<ol start=\"3\">\n<li><strong> Modificaciones<\/strong><\/li>\n<\/ol>\n<p>Estas condiciones podr\u00e1n sufrir modificaciones cuando Farapi Koop. Elkartea lo considere oportuno, bien con la finalidad de adecuarse a los cambios legislativos, bien con el fin de llevar a cabo otro tipo de mejoras. Estas modificaciones ser\u00e1n v\u00e1lidas desde su publicaci\u00f3n en este sitio web. Farapi Koop. Elkartea utilizar\u00e1 todos los medios a su alcance para dar a conocer a las personas usuarias de la web los cambios realizados.<\/p>\n<ol start=\"4\">\n<li><strong> Jurisdicci\u00f3n<\/strong><\/li>\n<\/ol>\n<p>Las relaciones establecidas entre Farapi Koop. Elkartea y la persona usuaria se regir\u00e1n por lo dispuesto en la normativa vigente acerca de la legislaci\u00f3n aplicable y la jurisdicci\u00f3n competente. No obstante, para los casos en los que la normativa prevea la posibilidad a las partes de someterse a un fuero, Farapi Koop. Elkartea y la persona usuaria, con renuncia expresa a cualquier otro fuero que pudiera corresponderles, se someten a los Juzgados y Tribunales de Donostia-San Sebasti\u00e1n.<\/p>\n<ol start=\"5\">\n<li><strong> Protecci\u00f3n de datos de car\u00e1cter personal<\/strong><\/li>\n<\/ol>\n<p>5.1. Introducci\u00f3n<\/p>\n<p>En cumplimiento con el Reglamento UE 2016\/679 y la Ley Org\u00e1nica 3\/2018, de 5 de diciembre, sobre Protecci\u00f3n de Datos de Car\u00e1cter Personal (en adelante \u201cLOPD\u201d) y su normativa de desarrollo se informa a las personas usuarias que los datos de car\u00e1cter personal que faciliten a trav\u00e9s de este sitio web ser\u00e1n incorporados a ficheros titularidad de Farapi Koop. Elkartea (Responsable del Fichero), con la finalidad de atender a las consultas y solicitudes recibidas, contactar con usted, gestionar los productos y servicios solicitados, las relaciones comerciales y las funciones leg\u00edtimas propias de su actividad.<\/p>\n<p>5.2. Recogida de datos de car\u00e1cter personal.<\/p>\n<p>Farapi Koop. Elkartea no requiere que proporcione datos de car\u00e1cter personal para acceder al sitio web.<\/p>\n<p>5.3. Comunicaciones a terceros.<\/p>\n<p>Farapi Koop. Elkartea no comunicar\u00e1 en ning\u00fan caso sus datos personales a otras empresas o terceros. En caso de llevar a cabo ofertas de productos o servicios de otras empresas, ser\u00e1 Farapi Koop. Elkartea quien le haga llegar directamente estas comunicaciones. La persona interesada podr\u00e1 oponerse a estos env\u00edos en cualquier momento, solicit\u00e1ndolo por escrito a la persona responsable del fichero.<\/p>\n<p>5.4. Derechos de los interesados.<\/p>\n<p>Farapi Koop. Elkartea le recuerda que en cualquier momento puede ejercitar sus derechos de acceso, rectificaci\u00f3n, cancelaci\u00f3n y oposici\u00f3n dirigi\u00e9ndose por escrito al Responsable del Fichero Farapi Koop. Elkartea, en el tel\u00e9fono <a href=\"tel:943003585\">943 003 585<\/a>, o bien a trav\u00e9s de la direcci\u00f3n de correo electr\u00f3nico <a href=\"mailto:idazkaritza@farapi.eus\">idazkaritza@farapi.eus<\/a>. La solicitud deber\u00e1 llevar adjunta la fotocopia del Documento de Identidad de la persona interesada para su correcta identificaci\u00f3n. En caso de realizar la solicitud en su condici\u00f3n de representante legal, deber\u00e1 adjuntar, adem\u00e1s de la fotocopia del Documento de Identidad, un documento acreditativo de tal representaci\u00f3n.<\/p>\n<p>5.5. Medidas de seguridad.<\/p>\n<p>Farapi Koop. Elkartea tratar\u00e1 los datos de car\u00e1cter personal contenidos en sus ficheros adoptando las medidas de \u00edndole t\u00e9cnica y organizativa que sean necesarias para garantizar su seguridad y evitar su alteraci\u00f3n, p\u00e9rdida, tratamiento o acceso no autorizado, habida cuenta del estado de la tecnolog\u00eda, la naturaleza de los datos almacenados y los riesgos a que est\u00e1n expuestos, ya provengan de la acci\u00f3n humana o del medio f\u00edsico o natural, de acuerdo con la legislaci\u00f3n vigente que resulte de aplicaci\u00f3n en materia de medidas de seguridad de los ficheros que contengan datos de car\u00e1cter personal, particularmente por la LOPD y su normativa de desarrollo. Sin embargo, las personas usuarias son informadas de que las medidas de seguridad inform\u00e1tica no son inexpugnables y no se est\u00e1 a salvo de posibles intromisiones ilegales e indebidas, que no ser\u00edan responsabilidad de Iametza Interaktiboa.<\/p>\n<p>5.6. Datos de Tr\u00e1fico y Cookies.<\/p>\n<p>El sitio web de Farapi Koop. Elkartea utiliza cookies con la finalidad \u00fanica de facilitar y mejorar la navegaci\u00f3n de la persona usuaria. Una cookie es un archivo de texto que un servidor web puede dejar en el disco duro de la persona usuaria con el fin de identificarla cuando \u00e9sta se vuelva a conectar. El sitio web de Farapi Koop. Elkartea solo leer\u00e1 las cookies generadas por \u00e9l mismo. Las cookies utilizadas por Farapi Koop. Elkartea se asocian \u00fanicamente a una persona usuaria y un ordenador, no permitiendo el acceso a otros datos de car\u00e1cter personal.<br \/>\nLa mayor\u00eda de los navegadores aceptan la utilizaci\u00f3n de cookies de forma autom\u00e1tica, pero la persona usuaria puede configurar su navegador para ser avisada en su pantalla de ordenador de la recepci\u00f3n de cookies y poder impedir su instalaci\u00f3n en su disco duro.<\/p>\n<p>Asimismo, y con la finalidad de ofrecer un mejor servicio a trav\u00e9s de este sitio, <a href=\"https:\/\/www.farapi.eus\/es\/\">www.farapi.eus<\/a> registra la direcci\u00f3n IP, permiti\u00e9ndose as\u00ed el posterior procesamiento de los datos con el fin de analizar el n\u00famero de p\u00e1ginas visitadas, el n\u00famero de visitas, as\u00ed como la actividad de quienes han visitado de la web, y su frecuencia de utilizaci\u00f3n.<\/p>\n<p>Con la finalidad ya mencionada, este sitio est\u00e1 siendo medido y analizado con Google Analytics, que puede utilizar marcas en las p\u00e1ginas y cookies para analizar lo que sucede en las diferentes p\u00e1ginas del sitio web de Farapi Koop. Elkartea.<\/p>\n<p>5.7. Vigencia<\/p>\n<p>Farapi Koop. Elkartea se reserva el derecho de modificar su pol\u00edtica de privacidad de acuerdo a su criterio, a cambios legislativos o jurisprudenciales. Si Farapi Koop. Elkartea introdujera alguna modificaci\u00f3n, el nuevo texto ser\u00e1 publicado en este mismo sitio web, donde la persona usuaria podr\u00e1 tener conocimiento de la misma. En cualquier caso, la relaci\u00f3n con las personas usuarias se regir\u00e1 por las normas previstas en el momento preciso en que se accede al sitio web. Es por ello que Farapi Koop. Elkartea le recomienda visitar esta pol\u00edtica de privacidad de forma peri\u00f3dica.<\/p>\n<\/div>\n<\/div><\/div><\/div><\/div><\/div><\/div><\/div><\/section>\n","protected":false},"excerpt":{"rendered":"AVISO LEGAL Informaci\u00f3n legal En cumplimiento de la Ley 34\/2002, de 11 de julio, de Servicios de la Sociedad de la Informaci\u00f3n y de Comercio Electr\u00f3nico, le informamos que el dominio de internet www.farapi.eus es titularidad de: Raz\u00f3n social: Farapi Koop. Elkartea C.I.F.: F20856092 Direcci\u00f3n: Mundaiz bidea 10, 23. Bulegoa. 20012 Donostia-San Sebastian (Gipuzkoa) Tel\u00e9fono:...","protected":false},"author":1,"featured_media":0,"parent":0,"menu_order":0,"comment_status":"closed","ping_status":"closed","template":"","meta":{"footnotes":""},"acf":[],"_links":{"self":[{"href":"https:\/\/www.farapi.eus\/es\/wp-json\/wp\/v2\/pages\/620"}],"collection":[{"href":"https:\/\/www.farapi.eus\/es\/wp-json\/wp\/v2\/pages"}],"about":[{"href":"https:\/\/www.farapi.eus\/es\/wp-json\/wp\/v2\/types\/page"}],"author":[{"embeddable":true,"href":"https:\/\/www.farapi.eus\/es\/wp-json\/wp\/v2\/users\/1"}],"replies":[{"embeddable":true,"href":"https:\/\/www.farapi.eus\/es\/wp-json\/wp\/v2\/comments?post=620"}],"version-history":[{"count":4,"href":"https:\/\/www.farapi.eus\/es\/wp-json\/wp\/v2\/pages\/620\/revisions"}],"predecessor-version":[{"id":8285,"href":"https:\/\/www.farapi.eus\/es\/wp-json\/wp\/v2\/pages\/620\/revisions\/8285"}],"wp:attachment":[{"href":"https:\/\/www.farapi.eus\/es\/wp-json\/wp\/v2\/media?parent=620"}],"curies":[{"name":"wp","href":"https:\/\/api.w.org\/{rel}","templated":true}]}}